{"id":1560,"date":"2020-09-18T07:35:20","date_gmt":"2020-09-18T05:35:20","guid":{"rendered":"http:\/\/itvdev019\/wp.install\/?page_id=1560"},"modified":"2025-12-03T12:10:20","modified_gmt":"2025-12-03T11:10:20","slug":"datenschutz","status":"publish","type":"page","link":"https:\/\/urbic-system.com\/index.php\/datenschutz\/","title":{"rendered":"Datenschutzerkl\u00e4rung"},"content":{"rendered":"<div id='layer_slider_1'  class='avia-layerslider main_color avia-shadow  avia-builder-el-0  el_before_av_section  avia-builder-el-first  container_wrap fullsize'  style='height: 251px; max-width: 1600px; margin: 0 auto;'  ><\/div>\n<div id='av_section_1'  class='avia-section av-ked32e4g-092e750f081faafcf38ee57df0d5446f alternate_color avia-section-default avia-no-border-styling  avia-builder-el-1  el_after_av_layerslider  el_before_av_section  avia-bg-style-scroll container_wrap fullsize'  ><div class='container av-section-cont-open' ><div class='template-page content  av-content-full alpha units'><div class='post-entry post-entry-type-page post-entry-1560'><div class='entry-content-wrapper clearfix'>\n\n<style type=\"text\/css\" data-created_by=\"avia_inline_auto\" id=\"style-css-av-lp1fu-066a3608203267a15606a62782c8b47f\">\n.flex_column.av-lp1fu-066a3608203267a15606a62782c8b47f{\nborder-radius:0px 0px 0px 0px;\npadding:0px 0px 0px 0px;\n}\n<\/style>\n<div  class='flex_column av-lp1fu-066a3608203267a15606a62782c8b47f av_one_third  avia-builder-el-2  el_before_av_three_fifth  avia-builder-el-first  first flex_column_div av-zero-column-padding  '     ><style type=\"text\/css\" data-created_by=\"avia_inline_auto\" id=\"style-css-av-ked3134f-699aa158b07b4ecb46964a38141377cf\">\n.avia-image-container.av-ked3134f-699aa158b07b4ecb46964a38141377cf img.avia_image{\nbox-shadow:none;\n}\n.avia-image-container.av-ked3134f-699aa158b07b4ecb46964a38141377cf .av-image-caption-overlay-center{\ncolor:#ffffff;\n}\n<\/style>\n<div  class='avia-image-container av-ked3134f-699aa158b07b4ecb46964a38141377cf av-styling- avia-align-center  avia-builder-el-3  avia-builder-el-no-sibling '   itemprop=\"image\" itemscope=\"itemscope\" itemtype=\"https:\/\/schema.org\/ImageObject\" ><div class=\"avia-image-container-inner\"><div class=\"avia-image-overlay-wrap\"><img decoding=\"async\" fetchpriority=\"high\" class='wp-image-4361 avia-img-lazy-loading-not-4361 avia_image ' src=\"https:\/\/urbic-system.com\/wp-content\/uploads\/2021\/03\/AdobeStock_350286710_72.jpg\" alt='Kundenservice' title='Kundenservice'  height=\"943\" width=\"2095\"  itemprop=\"thumbnailUrl\" srcset=\"https:\/\/urbic-system.com\/wp-content\/uploads\/2021\/03\/AdobeStock_350286710_72.jpg 2095w, https:\/\/urbic-system.com\/wp-content\/uploads\/2021\/03\/AdobeStock_350286710_72-300x135.jpg 300w, https:\/\/urbic-system.com\/wp-content\/uploads\/2021\/03\/AdobeStock_350286710_72-1030x464.jpg 1030w, https:\/\/urbic-system.com\/wp-content\/uploads\/2021\/03\/AdobeStock_350286710_72-768x346.jpg 768w, https:\/\/urbic-system.com\/wp-content\/uploads\/2021\/03\/AdobeStock_350286710_72-1536x691.jpg 1536w, https:\/\/urbic-system.com\/wp-content\/uploads\/2021\/03\/AdobeStock_350286710_72-2048x922.jpg 2048w, https:\/\/urbic-system.com\/wp-content\/uploads\/2021\/03\/AdobeStock_350286710_72-1500x675.jpg 1500w, https:\/\/urbic-system.com\/wp-content\/uploads\/2021\/03\/AdobeStock_350286710_72-705x317.jpg 705w\" sizes=\"(max-width: 2095px) 100vw, 2095px\" \/><\/div><\/div><\/div><\/div>\n<style type=\"text\/css\" data-created_by=\"avia_inline_auto\" id=\"style-css-av-h12de-ffc4818c563d76925fe55f9fa5aa3d7d\">\n.flex_column.av-h12de-ffc4818c563d76925fe55f9fa5aa3d7d{\nborder-radius:0px 0px 0px 0px;\npadding:0px 0px 0px 0px;\n}\n<\/style>\n<div  class='flex_column av-h12de-ffc4818c563d76925fe55f9fa5aa3d7d av_three_fifth  avia-builder-el-4  el_after_av_one_third  avia-builder-el-last  flex_column_div av-zero-column-padding  '     ><section  class='av_textblock_section av-kk2i4b5q-dc1d217c8f84bfc3cabd82181dafab76 '   itemscope=\"itemscope\" itemtype=\"https:\/\/schema.org\/CreativeWork\" ><div class='avia_textblock av_inherit_color'  itemprop=\"text\" ><h2 style=\"text-align: center;\">Datenschutzerkl\u00e4rung<\/h2>\n<\/div><\/section><br \/>\n<section  class='av_textblock_section av-kh3eaqpk-7de45051de051bc8e7f374250dddc99a '   itemscope=\"itemscope\" itemtype=\"https:\/\/schema.org\/CreativeWork\" ><div class='avia_textblock'  itemprop=\"text\" ><p>Verantwortlicher f\u00fcr die Datenverarbeitung auf dieser Internetseite ist:<\/p>\n<p>Dresden-IT GmbH<br \/>\nKleiststra\u00dfe 10 c<br \/>\nD \u2013 01129 Dresden<\/p>\n<p>Gesetzlicher Vertreter: Mirko Kruse<\/p>\n<p>Tel.:<a href=\"tel:\/\/+49 (351) 857-1500\"> +49 (351) 857-1500<\/a><br \/>\nMail: <a href=\"mailto:info@dresden-it.de\">info[at]dresden-it.de<\/a><\/p>\n<p>Bei Fragen zum Datenschutz k\u00f6nnen Sie sich direkt an unseren Datenschutzbeauftragten unter\u00a0<a href=\"mailto:datenschutz@dresden-it.de\">datenschutz@dresden-it.de<\/a>\u00a0wenden.<\/p>\n<p>F\u00fcr den Postweg nutzen Sie bitte die oben angegebene Adresse.<\/p>\n<\/div><\/section><\/p><\/div>\n\n<\/div><\/div><\/div><!-- close content main div --><\/div><\/div><div id='av_section_2'  class='avia-section av-kh3e8uf8-39ba01ecbba85866964e6d3fff1a3aec main_color avia-section-default avia-no-border-styling  avia-builder-el-7  el_after_av_section  el_before_av_section  avia-bg-style-scroll container_wrap fullsize'  ><div class='container av-section-cont-open' ><div class='template-page content  av-content-full alpha units'><div class='post-entry post-entry-type-page post-entry-1560'><div class='entry-content-wrapper clearfix'>\n\n<style type=\"text\/css\" data-created_by=\"avia_inline_auto\" id=\"style-css-av-21bzs8-6d1ca7290af61e559a7923987f3713b2\">\n#top .av-special-heading.av-21bzs8-6d1ca7290af61e559a7923987f3713b2{\npadding-bottom:10px;\n}\nbody .av-special-heading.av-21bzs8-6d1ca7290af61e559a7923987f3713b2 .av-special-heading-tag .heading-char{\nfont-size:25px;\n}\n.av-special-heading.av-21bzs8-6d1ca7290af61e559a7923987f3713b2 .av-subheading{\nfont-size:15px;\n}\n<\/style>\n<div  class='av-special-heading av-21bzs8-6d1ca7290af61e559a7923987f3713b2 av-special-heading-h3  avia-builder-el-8  el_before_av_textblock  avia-builder-el-first '><h3 class='av-special-heading-tag '  itemprop=\"headline\"  >VERARBEITUNGSZWECKE<\/h3><div class=\"special-heading-border\"><div class=\"special-heading-inner-border\"><\/div><\/div><\/div>\n<section  class='av_textblock_section av-kh3eaqpk-7-58f3ff0b076d73d2685e6e860c16e766 '   itemscope=\"itemscope\" itemtype=\"https:\/\/schema.org\/CreativeWork\" ><div class='avia_textblock'  itemprop=\"text\" ><h3>Cookies<\/h3>\n<p>Cookies sind Textdateien die beim Aufruf einer Internetseite auf dem Endger\u00e4t des Benutzers abgelegt werden. Sie erm\u00f6glichen eine eindeutige Identifizierung des Benutzers. Benutzer m\u00fcssen Cookies in der Regel selbstst\u00e4ndig l\u00f6schen.<\/p>\n<p>Generell besteht die M\u00f6glichkeit, Cookies \u00fcber die Einstellung des Internetbrowsers komplett zu deaktivieren. Eine Deaktivierung kann jedoch bewirken, dass eine Internetseite nicht mehr wie erwartet funktioniert.<\/p>\n<p>Unsere Webseite verwendet funktionale Cookies (Session-Cookies).<\/p>\n<p>Diese Cookies sind f\u00fcr den Betrieb der Webseite technisch erforderlich. Sie werden nach Ablauf einer Browser-Sitzung automatisch wieder gel\u00f6scht.<\/p>\n<p><strong><div class=\"av-switch-aviaPrivacyEssentialCookiesEnabled av-toggle-switch av-cookie-disable-external-toggle av-cookie-save-checked av-cookie-default-checked\"><label><input type=\"checkbox\" checked=\"checked\" id=\"aviaPrivacyEssentialCookiesEnabled\" class=\"aviaPrivacyEssentialCookiesEnabled \" name=\"aviaPrivacyEssentialCookiesEnabled\" ><span class=\"toggle-track\"><\/span><span class=\"toggle-label-content\">Hier klicken, um notwendige Cookies zu aktivieren\/deaktivieren.<\/span><\/label><\/div><\/strong><\/p>\n<\/div><\/section>\n\n<\/div><\/div><\/div><!-- close content main div --><\/div><\/div><div id='av_section_3'  class='avia-section av-kh3e8uf8-6-1a2ad7448b831df61cc5aafee5095194 alternate_color avia-section-default avia-no-border-styling  avia-builder-el-10  el_after_av_section  el_before_av_section  avia-bg-style-scroll container_wrap fullsize'  ><div class='container av-section-cont-open' ><div class='template-page content  av-content-full alpha units'><div class='post-entry post-entry-type-page post-entry-1560'><div class='entry-content-wrapper clearfix'>\n<section  class='av_textblock_section av-kh3eaqpk-5-b742771315054d73b99adeafd8184399 '   itemscope=\"itemscope\" itemtype=\"https:\/\/schema.org\/CreativeWork\" ><div class='avia_textblock'  itemprop=\"text\" ><h3 class=\"av-special-heading-tag \">WEBSITEANALYSE MIT MATOMO<\/h3>\n<p>Um unser Webangebot kontinuierlich auszubauen und zu verbessern, setzen wir auf den Webanalysedienst Matomo. Auch Matomo verwendet f\u00fcr seine Analysefunktionen Cookies, die auf dem Nutzerrechner gespeichert werden. Mittels dieser Cookies ist es uns m\u00f6glich, das Nutzungsverhalten zu analysieren. Informationen zu Benutzern unserer Internetseite werden vor der Speicherungs anonymisiert. Eine \u00dcbermittlung der Analysedaten an Dritte findet nicht statt.<\/p>\n<p>Matomo-Cookies verbleiben auf Ihrem Endger\u00e4t, bis Sie diese aktiv l\u00f6schen.<\/p>\n<p>Die Nutzung von Matomo dient unserem eigenen Interesse, unseren Besuchern eine funktionale Internetseite zu pr\u00e4sentieren und diese regelm\u00e4\u00dfig auszubauen und zu verbessern.<\/p>\n<p>Sie k\u00f6nnen der Websiteanalyse durch Matomo \u00fcber die Einstellung weiter unten widersprechen. In diesem Fall speichert die Webseite einen sog. OptOut-Cookie, der verhindert, dass Matomo w\u00e4hrend Ihres Besuches aktiv Analysedaten protokolliert. Sollten Sie Ihren Browserverlauf l\u00f6schen kann es notwendig werden, Ihren bereits erteilten Widerspruch zu wiederholen.<\/p>\n<p id=\"matomo_opted_out_intro\" style=\"display:none;\">Opt-out complete; your visits to this website will not be recorded by the Web Analytics tool. Note that if you clear your cookies, delete the opt-out cookie, or if you change computers or Web browsers, you will need to perform the opt-out procedure again.<\/p><p id=\"matomo_opted_in_intro\" >You may choose to prevent this website from aggregating and analyzing the actions you take here. Doing so will protect your privacy, but will also prevent the owner from learning from your actions and creating a better experience for you and other users.<\/p><form>\n        <input type=\"checkbox\" id=\"matomo_optout_checkbox\" checked=\"checked\"\/>\n        <label for=\"matomo_optout_checkbox\"><strong>\n        <span id=\"matomo_opted_in_label\" >You are not opted out. Uncheck this box to opt-out.<\/span>\n\t\t<span id=\"matomo_opted_out_label\" style=\"display:none;\">You are currently opted out. Check this box to opt-in.<\/span>\n        <\/strong><\/label><\/form><noscript><p><strong style=\"color: #ff0000;\">This opt out feature requires JavaScript.<\/strong><\/p><\/noscript><p id=\"matomo_outout_err_cookies\" style=\"display: none;\"><strong>The tracking opt-out feature requires cookies to be enabled.<\/strong><\/p>\n<\/div><\/section>\n\n<\/div><\/div><\/div><!-- close content main div --><\/div><\/div><div id='av_section_4'  class='avia-section av-kh3e8uf8-4-25410e0c305fc3f48d644fe8be8d021a alternate_color avia-section-default avia-no-border-styling  avia-builder-el-12  el_after_av_section  el_before_av_section  avia-bg-style-scroll container_wrap fullsize'  ><div class='container av-section-cont-open' ><div class='template-page content  av-content-full alpha units'><div class='post-entry post-entry-type-page post-entry-1560'><div class='entry-content-wrapper clearfix'>\n<section  class='av_textblock_section av-kh3eaqpk-3-9ed904848b544d861d0e5a73226db3ee '   itemscope=\"itemscope\" itemtype=\"https:\/\/schema.org\/CreativeWork\" ><div class='avia_textblock'  itemprop=\"text\" ><h3 class=\"av-special-heading-tag \">Serverprotokolle<\/h3>\n<p>Der Server unserer Internetseite protokolliert die einzelnen Seitenaufrufe der Nutzer. Diese Protokolle sind f\u00fcr die technische \u00dcberwachung notwendig und helfen uns, Fehler oder Missbrauch zu erkennen und entsprechend entgegenzuwirken.<\/p>\n<p>Die Protokolle werden in regelm\u00e4\u00dfigen Abst\u00e4nden, sp\u00e4testens aber nach sieben Tagen wieder gel\u00f6scht.<\/p>\n<h3>Facebook-Unternehmensseite<\/h3>\n<p>Zur Vernetzung und Kommunikation mit unseren Kunden betreiben wir unter <a href=\"https:\/\/www.facebook.com\/urbic-urban-traffic-control-1763629410613431\/\" target=\"_blank\" rel=\"noopener\">https:\/\/www.facebook.com\/urbic-urban-traffic-control\/<\/a> eine Unternehmensseite. Im Rahmen der Seitenbereitstellung stellt uns Facebook Analysedienste zur Verf\u00fcgung, die sogenannten &#8222;Seiten-Insights&#8220;. \u00dcber diese Funktion erhalten wir Erkenntnisse, wie die Nutzer unserer Facebook-Seite mit den bereitgestellten Inhalten agieren. Diese Daten nutzen wir, um unsere Angebote auszubauen und zu optimieren. Die Verarbeitung der Daten liegt im Eigeninteresse und dient einzig der Verbesserung unseres Angebotes.<\/p>\n<p>F\u00fcr die Verarbeitung der Daten sind wir mit Facebook gemeinsam verantwortlich. Entsprechend bietet Facebook allen Seitenbetreibern eine Vertragserg\u00e4nzung zum generellen Nutzungsvertrag. Die Inhalte der Zusatzvereinbarung finden Sie unter:\u00a0<a href=\"https:\/\/de-de.facebook.com\/legal\/terms\/page_controller_addendum\" target=\"_blank\" rel=\"noopener\">de-de.facebook.com\/legal\/terms\/page_controller_addendum<\/a>.<\/p>\n<h3>Google Tag Manager<\/h3>\n<p>Auf dieser Website verwenden wir den Google Tag Manager Dienst. Betreibergesellschaft von Google Tag Manager ist die Google Ireland Limited, Gordon House, Barrow Street, Dublin 4, Irland. Google Ireland Limited ist Teil der Google Firmengruppe mit Hauptsitz in 1600 Amphitheatre Parkway, Mountain View, CA 94043, USA.<\/p>\n<p>Durch dieses Tool k\u00f6nnen \u201eWebseiten-Tags\u201c (d.h. Schlagw\u00f6rter, welche in HTML Elemente eingebunden werden) implementiert und \u00fcber eine Oberfl\u00e4che verwaltet werden. Durch den Einsatz des Google Tag Manager k\u00f6nnen wir automatisiert nachvollziehen, welchen Button, Link oder welches personalisierte Bild Sie aktiv angeklickt haben und k\u00f6nnen sodann festhalten, welche Inhalte unserer Website f\u00fcr Sie besonders interessant sind.<\/p>\n<p>Das Tool sorgt zudem f\u00fcr die Ausl\u00f6sung anderer Tags, die ihrerseits unter Umst\u00e4nden Daten erfassen. Google Tag Manager greift nicht auf diese Daten zu. Wenn Sie auf Domain- oder Cookie-Ebene eine Deaktivierung vorgenommen haben, bleibt diese f\u00fcr alle Tracking-Tags bestehen, die mit Google Tag Manager implementiert werden.<\/p>\n<p>Diese Verarbeitungsvorg\u00e4nge erfolgen ausschlie\u00dflich bei Erteilung einer ausdr\u00fccklichen Einwilligung gem\u00e4\u00df Art. 6 Abs. 1 lit. a) DS-GVO. Sie k\u00f6nnen Ihre gew\u00e4hlten Cookie-Einstellungen jederzeit \u00fcber den folgenden Link anpassen und Ihre Einwilligung widerrufen: <div data-disabled_by_browser=\"Bitte aktiviere diese Funktion in Ihren Browsereinstellungen und lade die Seite neu.\" class=\"av-switch-aviaPrivacyGoogleTrackingDisabled av-toggle-switch av-cookie-disable-external-toggle av-cookie-save-unchecked av-cookie-default-unchecked\"><label><input type=\"checkbox\"  id=\"aviaPrivacyGoogleTrackingDisabled\" class=\"aviaPrivacyGoogleTrackingDisabled \" name=\"aviaPrivacyGoogleTrackingDisabled\" ><span class=\"toggle-track\"><\/span><span class=\"toggle-label-content\">Hier klicken, um Google Analytics zu aktivieren\/deaktivieren.<\/span><\/label><\/div><\/p>\n<h3>Google Maps<\/h3>\n<p>Diese Seite nutzt Funktionen des Kartendienstes Google Maps. Anbieter ist die Google Inc., 1600 Amphitheatre Parkway, Mountain View, CA 94043, USA. Zur Nutzung der Funktionen von Google Maps werden Informationen zu Ihrer IP-Adresse und \u00fcber Ihren Internetbrowser an den Dienstanbieter \u00fcbermittelt und auf einem Server von Google in den USA verarbeitet. Der Anbieter dieser Seite hat keinen Einfluss auf diese Daten\u00fcbertragung. Die Einbindung der Funktionen von Google Maps in unser Internetangebot dient der leichten Auffindbarkeit des Standortes unseres Unternehmens.<\/p>\n<h3>Datenverarbeitung bei Kontaktaufnahme<\/h3>\n<h4>Zweck der Datenverarbeitung<\/h4>\n<p>Personenbezogene Daten werden zum Zweck der Kontaktaufnahme und der Bereitstellung von Informationen verarbeitet. Kontaktieren Sie die Dresden-IT GmbH, so verwenden wir Ihre \u00fcbermittelten Daten, um mit Ihnen in Kommunikation treten und Informationen und Dienstleistungen anbieten zu k\u00f6nnen.<\/p>\n<h4>Rechtsgrundlage der Datenverarbeitung<\/h4>\n<p>&#8211; Verarbeitung auf Grundlage einer Einwilligung<br \/>\nDie Daten werden durch den Interessenten im Zuge der Kontaktaufnahme \u00fcbermittelt.<\/p>\n<h4>Kategorien von Datenempf\u00e4ngern<\/h4>\n<p>&#8211; Mitarbeiter der Dresden-IT GmbH<\/p>\n<h4>Dauer der Verarbeitung<\/h4>\n<p>Die \u00fcbermittelten personenbezogenen Daten werden zur Kontaktaufnahme, zur Beantwortung von Anfragen bzw. zur Bereitstellung von Informationen verwendet. Sollten die erteilten Ausk\u00fcnfte dokumentationspflichtig sein, so wird der Inhalt der Anfrage archiviert. In allgemeinen F\u00e4llen werden \u00fcbermittelte personenbezogene Daten nach Auskunftserteilung wieder gel\u00f6scht.<\/p>\n<h3>Betroffenenrechte<\/h3>\n<h4>Recht auf Auskunft<\/h4>\n<p>Sie haben das Recht, Auskunft dar\u00fcber zu verlangen, ob und welche personenbezogenen Daten zu<br \/>\nIhrer Person von uns verarbeitet werden. Diese Auskunft ist f\u00fcr Sie grunds\u00e4tzlich kostenfrei. Im Vorfeld der Erteilung der Auskunft ist es notwendig, Ihre Identit\u00e4t, zu pr\u00fcfen.<\/p>\n<h4>Recht auf Berichtigung<\/h4>\n<p>Sie haben das Recht, unrichtige personenbezogene Daten, die Ihre Person betreffen, berichtigen zu lassen. Dies schlie\u00dft die Vervollst\u00e4ndigung unvollst\u00e4ndiger Daten zu Ihrer Person mit ein.<\/p>\n<h4>Recht auf Einschr\u00e4nkung der Verarbeitung<\/h4>\n<p>Unter bestimmten Umst\u00e4nden haben Sie das Recht, eine Einschr\u00e4nkung der Verarbeitung Ihrer Daten zu verlangen, insbesondere wenn die Richtigkeit der Daten durch Sie bestritten wird, die Verarbeitung der Daten unrechtm\u00e4\u00dfig erfolgt ist, die Daten f\u00fcr eine Verarbeitung nicht l\u00e4nger ben\u00f6tigt werden oder ein Widerspruch gegen die Datenverarbeitung eingelegt wurde.<\/p>\n<h4>Recht auf L\u00f6schung<\/h4>\n<p>Unter bestimmten Voraussetzungen haben Sie das Recht, die unverz\u00fcgliche L\u00f6schung personenbezogener Daten zu verlangen, die Ihre Person betreffen.<\/p>\n<h4>Recht auf Widerspruch<\/h4>\n<p>Sie haben das Recht, jederzeit Widerspruch gegen die Verarbeitung personenbezogener Daten einzulegen, die Ihre Person betreffen.<\/p>\n<h4>Recht auf Daten\u00fcbertragbarkeit<\/h4>\n<p>Sie haben grunds\u00e4tzlich das Recht, personenbezogene Daten, in einem strukturierten, g\u00e4ngigen maschinenlesbaren Format zu erhalten.<\/p>\n<h4>Recht auf Widerruf<\/h4>\n<p>Sofern sich die Verarbeitung personenbezogener Daten auf Ihre freiwillige Einwilligung gr\u00fcndet, so haben Sie jederzeit die M\u00f6glichkeit, Ihre Einwilligung zu widerrufen. Der Widerruf einer Einwilligung gilt f\u00fcr die Zukunft.<\/p>\n<h4>Beschwerderecht gegen\u00fcber der Aufsichtsbeh\u00f6rde<\/h4>\n<p>F\u00fcr Beschwerden, die sich aus der Verarbeitung personenbezogener Daten im Rahmen der genannten Zweckbestimmung ergeben, k\u00f6nnen Sie sich jederzeit an die zust\u00e4ndige Aufsichtsbeh\u00f6rde f\u00fcr den Datenschutz wenden.<\/p>\n<h4>Erforderlichkeit der Datenerhebung<\/h4>\n<p>Grunds\u00e4tzlich werden nur personenbezogene Daten verarbeitet, die zur Erf\u00fcllung der jeweiligen Zweckbestimmung notwendig sind. Optionale Daten sind stets als solche gekennzeichnet.<\/p>\n<h4>Automatisierte Entscheidungsfindung<\/h4>\n<p>Daten, die im Rahmen der definierten Zweckbestimmungen erhoben werden, dienen keiner automatisierten Entscheidungsfindung.<\/p>\n<\/div><\/section>\n<\/div><\/div><\/div><!-- close content main div --><\/div><\/div><div id='av_section_5'  class='avia-section av-kh3e8uf8-2-f802ba12dcc9d0c0c19812652507c9f8 main_color avia-section-default avia-no-border-styling  avia-builder-el-14  el_after_av_section  avia-builder-el-last  avia-bg-style-scroll container_wrap fullsize'  ><div class='container av-section-cont-open' ><div class='template-page content  av-content-full alpha units'><div class='post-entry post-entry-type-page post-entry-1560'><div class='entry-content-wrapper clearfix'>\n<section  class='av_textblock_section av-kh3eaqpk-1-5d8727eb534d02a2fe6ecfeb9f23cb76 '   itemscope=\"itemscope\" itemtype=\"https:\/\/schema.org\/CreativeWork\" ><div class='avia_textblock'  itemprop=\"text\" ><h3>Automatisierte Entscheidungsfindung<\/h3>\n<p>Daten, die im Rahmen der definierten Zweckbestimmungen erhoben werden, dienen keiner automatisierten Entscheidungsfindung.<\/p>\n<h3>Kontakt<\/h3>\n<p>Bei bestehenden Fragen zum Datenschutz k\u00f6nnen Sie sich direkt an unseren Datenschutzbeauftragten (<a href=\"mailto:datenschutz@dresden-it.de\">datenschutz@dresden-it.de<\/a>) wenden. Alternativ nutzen Sie bitte die <a href=\"https:\/\/urbic-system.com\/index.php\/kontakt\/\">Postanschrift<\/a>.<\/p>\n<\/div><\/section>\n<\/p>\n","protected":false},"excerpt":{"rendered":"","protected":false},"author":1,"featured_media":0,"parent":0,"menu_order":0,"comment_status":"closed","ping_status":"closed","template":"","meta":{"footnotes":""},"class_list":["post-1560","page","type-page","status-publish","hentry"],"_links":{"self":[{"href":"https:\/\/urbic-system.com\/index.php\/wp-json\/wp\/v2\/pages\/1560","targetHints":{"allow":["GET"]}}],"collection":[{"href":"https:\/\/urbic-system.com\/index.php\/wp-json\/wp\/v2\/pages"}],"about":[{"href":"https:\/\/urbic-system.com\/index.php\/wp-json\/wp\/v2\/types\/page"}],"author":[{"embeddable":true,"href":"https:\/\/urbic-system.com\/index.php\/wp-json\/wp\/v2\/users\/1"}],"replies":[{"embeddable":true,"href":"https:\/\/urbic-system.com\/index.php\/wp-json\/wp\/v2\/comments?post=1560"}],"version-history":[{"count":24,"href":"https:\/\/urbic-system.com\/index.php\/wp-json\/wp\/v2\/pages\/1560\/revisions"}],"predecessor-version":[{"id":5845,"href":"https:\/\/urbic-system.com\/index.php\/wp-json\/wp\/v2\/pages\/1560\/revisions\/5845"}],"wp:attachment":[{"href":"https:\/\/urbic-system.com\/index.php\/wp-json\/wp\/v2\/media?parent=1560"}],"curies":[{"name":"wp","href":"https:\/\/api.w.org\/{rel}","templated":true}]}}