{"id":4261,"date":"2021-01-18T10:49:53","date_gmt":"2021-01-18T09:49:53","guid":{"rendered":"https:\/\/test.urbic-system.com\/?page_id=4261"},"modified":"2021-04-30T12:41:28","modified_gmt":"2021-04-30T10:41:28","slug":"testsystem-anfordern","status":"publish","type":"page","link":"https:\/\/urbic-system.com\/index.php\/testsystem-anfordern\/","title":{"rendered":"Demonstration anfordern"},"content":{"rendered":"<div id='layer_slider_1'  class='avia-layerslider main_color avia-shadow  avia-builder-el-0  el_before_av_section  avia-builder-el-first  container_wrap fullsize'  style='height: 251px; max-width: 1600px; margin: 0 auto;'  ><\/div>\n<div id='av_section_1'  class='avia-section av-ked32e4g-092e750f081faafcf38ee57df0d5446f alternate_color avia-section-default avia-no-border-styling  avia-builder-el-1  el_after_av_layerslider  el_before_av_section  avia-bg-style-scroll container_wrap fullsize'  ><div class='container av-section-cont-open' ><div class='template-page content  av-content-full alpha units'><div class='post-entry post-entry-type-page post-entry-4261'><div class='entry-content-wrapper clearfix'>\n\n<style type=\"text\/css\" data-created_by=\"avia_inline_auto\" id=\"style-css-av-lp1fu-066a3608203267a15606a62782c8b47f\">\n.flex_column.av-lp1fu-066a3608203267a15606a62782c8b47f{\nborder-radius:0px 0px 0px 0px;\npadding:0px 0px 0px 0px;\n}\n<\/style>\n<div  class='flex_column av-lp1fu-066a3608203267a15606a62782c8b47f av_one_third  avia-builder-el-2  el_before_av_three_fifth  avia-builder-el-first  first flex_column_div av-zero-column-padding  '     ><style type=\"text\/css\" data-created_by=\"avia_inline_auto\" id=\"style-css-av-ked3134f-23dbba84049b49a69b709c626d3fd0f7\">\n.avia-image-container.av-ked3134f-23dbba84049b49a69b709c626d3fd0f7 img.avia_image{\nbox-shadow:none;\n}\n.avia-image-container.av-ked3134f-23dbba84049b49a69b709c626d3fd0f7 .av-image-caption-overlay-center{\ncolor:#ffffff;\n}\n<\/style>\n<div  class='avia-image-container av-ked3134f-23dbba84049b49a69b709c626d3fd0f7 av-styling- avia-align-center  avia-builder-el-3  avia-builder-el-no-sibling '   itemprop=\"image\" itemscope=\"itemscope\" itemtype=\"https:\/\/schema.org\/ImageObject\" ><div class=\"avia-image-container-inner\"><div class=\"avia-image-overlay-wrap\"><img decoding=\"async\" fetchpriority=\"high\" class='wp-image-106 avia-img-lazy-loading-not-106 avia_image ' src=\"https:\/\/urbic-system.com\/wp-content\/uploads\/2020\/07\/20200203-Dresden-IT-Folie-6-noLpgo-300x169.png\" alt='Gemeinsam miteinander arbeiten' title='Zusammenarbeiten zwischen Auftraggeber und Erbringer'  height=\"169\" width=\"300\"  itemprop=\"thumbnailUrl\" srcset=\"https:\/\/urbic-system.com\/wp-content\/uploads\/2020\/07\/20200203-Dresden-IT-Folie-6-noLpgo-300x169.png 300w, https:\/\/urbic-system.com\/wp-content\/uploads\/2020\/07\/20200203-Dresden-IT-Folie-6-noLpgo-1030x579.png 1030w, https:\/\/urbic-system.com\/wp-content\/uploads\/2020\/07\/20200203-Dresden-IT-Folie-6-noLpgo-768x432.png 768w, https:\/\/urbic-system.com\/wp-content\/uploads\/2020\/07\/20200203-Dresden-IT-Folie-6-noLpgo-1536x864.png 1536w, https:\/\/urbic-system.com\/wp-content\/uploads\/2020\/07\/20200203-Dresden-IT-Folie-6-noLpgo-2048x1152.png 2048w, https:\/\/urbic-system.com\/wp-content\/uploads\/2020\/07\/20200203-Dresden-IT-Folie-6-noLpgo-1500x844.png 1500w, https:\/\/urbic-system.com\/wp-content\/uploads\/2020\/07\/20200203-Dresden-IT-Folie-6-noLpgo-705x397.png 705w\" sizes=\"(max-width: 300px) 100vw, 300px\" \/><\/div><\/div><\/div><\/div>\n<style type=\"text\/css\" data-created_by=\"avia_inline_auto\" id=\"style-css-av-h12de-ffc4818c563d76925fe55f9fa5aa3d7d\">\n.flex_column.av-h12de-ffc4818c563d76925fe55f9fa5aa3d7d{\nborder-radius:0px 0px 0px 0px;\npadding:0px 0px 0px 0px;\n}\n<\/style>\n<div  class='flex_column av-h12de-ffc4818c563d76925fe55f9fa5aa3d7d av_three_fifth  avia-builder-el-4  el_after_av_one_third  avia-builder-el-last  flex_column_div av-zero-column-padding  '     ><section  class='av_textblock_section av-kk2hq7zr-8705c13ccd606defaeef96954030c349 '   itemscope=\"itemscope\" itemtype=\"https:\/\/schema.org\/CreativeWork\" ><div class='avia_textblock av_inherit_color'  itemprop=\"text\" ><h2 style=\"text-align: center;\">Ein Testsystem anfordern<\/h2>\n<\/div><\/section><br \/>\n<section  class='av_textblock_section av-ked391mc-43b48dac195418b791c3ae10dedcb5d5 '   itemscope=\"itemscope\" itemtype=\"https:\/\/schema.org\/CreativeWork\" ><div class='avia_textblock av_inherit_color'  itemprop=\"text\" ><p>Sie wollen sich von der Leistungsf\u00e4higkeit und dem Leistungsumfang von urbic<sup>\u00ae<\/sup> \u00fcberzeugen? Nutzen Sie gerne das Formular auf dieser Seite f\u00fcr eine Anforderung.<\/p>\n<\/div><\/section><\/p><\/div>\n\n<\/div><\/div><\/div><!-- close content main div --><\/div><\/div><div id='av_section_2'  class='avia-section av-2c2xc5-45e0a2357c1b40f482845a8019a0053e main_color avia-section-default avia-no-border-styling  avia-builder-el-7  el_after_av_section  el_before_av_section  avia-bg-style-scroll container_wrap fullsize'  ><div class='container av-section-cont-open' ><div class='template-page content  av-content-full alpha units'><div class='post-entry post-entry-type-page post-entry-4261'><div class='entry-content-wrapper clearfix'>\n\n<style type=\"text\/css\" data-created_by=\"avia_inline_auto\" id=\"style-css-av-dqbg05-007802a52e7943601dae87c54b6176c6\">\n.flex_column.av-dqbg05-007802a52e7943601dae87c54b6176c6{\nborder-radius:0px 0px 0px 0px;\npadding:0px 0px 0px 0px;\n}\n<\/style>\n<div  class='flex_column av-dqbg05-007802a52e7943601dae87c54b6176c6 av_three_fifth  avia-builder-el-8  el_before_av_two_fifth  avia-builder-el-first  first flex_column_div av-zero-column-padding  '     ><style type=\"text\/css\" data-created_by=\"avia_inline_auto\" id=\"style-css-av-kk2f9252-7be9a9e4312f362d7897bbf5fabd7410\">\n#top .avia-icon-list-container.av-kk2f9252-7be9a9e4312f362d7897bbf5fabd7410 .iconlist_icon{\nbackground-color:#1ea12d;\n}\n<\/style>\n<div  class='avia-icon-list-container av-kk2f9252-7be9a9e4312f362d7897bbf5fabd7410  avia-builder-el-9  avia-builder-el-no-sibling '><ul class='avia-icon-list avia_animate_when_almost_visible avia-icon-list-left av-iconlist-big av-kk2f9252-7be9a9e4312f362d7897bbf5fabd7410 avia-iconlist-animate'>\n<li><div class='iconlist_icon av-31frzp-33b27e47fe3aaac3ce4f7c300cdbfd77 avia-font-awesome avia-iconfont avia-font-awesome'><span class='av-icon-char' data-av_icon='\ue82b' data-av_iconfont='awesome' aria-hidden=\"true\"><\/span><\/div><article class=\"article-icon-entry \"  itemscope=\"itemscope\" itemtype=\"https:\/\/schema.org\/CreativeWork\" ><div class=\"iconlist_content_wrap\"><header class=\"entry-content-header\" aria-label=\"Icon: Was ist ein Testsystem?\"><h4 class='av_iconlist_title iconlist_title  '  itemprop=\"headline\" >Was ist ein Testsystem?<\/h4><\/header><div class='iconlist_content '  itemprop=\"text\" ><p>Ein Testsystem ist ein voll funktionst\u00fcchtiges urbic<sup>\u00ae<\/sup>-System ohne Einschr\u00e4nkungen. Anhand Ihrer Ist-Daten k\u00f6nnen Sie das System in vollem Umfang testen und die Ergebnisse der Analysen verwenden. Vor Ablauf der Teststellung k\u00f6nnen Sie sich f\u00fcr eine weitere produktive Nutzung oder den Abschluss der Testphase entscheiden.<\/p>\n<p>Das Testsystem wird in einem Rechenzentrum der\u00a0<a href=\"https:\/\/www.dresden-it.de\/\" rel=\"noopener\" target=\"_blank\">Dresden-IT<\/a> GmbH am Standort Dresden gehostet und online bereitgestellt. Die <a href=\"https:\/\/urbic-system.com\/index.php\/technische-informationen\/\">IT-technischen Voraussetzungen k\u00f6nnen Sie hier<\/a> einsehen.<\/p>\n<\/div><\/div><footer class=\"entry-footer\"><\/footer><\/article><div class=\"iconlist-timeline\"><\/div><\/li>\n<li><div class='iconlist_icon av-2aa739-a7ae4359c2f1a21e9ee1f897a07e0c23 avia-font-entypo-fontello avia-iconfont avia-font-entypo-fontello'><span class='av-icon-char' data-av_icon='\ue864' data-av_iconfont='entypo-fontello' aria-hidden=\"true\"><\/span><\/div><article class=\"article-icon-entry \"  itemscope=\"itemscope\" itemtype=\"https:\/\/schema.org\/CreativeWork\" ><div class=\"iconlist_content_wrap\"><header class=\"entry-content-header\" aria-label=\"Icon: Wie komme ich zu einem Testsystem?\"><h4 class='av_iconlist_title iconlist_title  '  itemprop=\"headline\" >Wie komme ich zu einem Testsystem?<\/h4><\/header><div class='iconlist_content '  itemprop=\"text\" ><p>Nachdem Sie uns Ihre Kontaktdaten im unten stehenden Formular zugesandt haben, setzt sich ein Kollege von uns mit Ihnen in Verbindung und terminiert das weitere Vorgehen.<\/p>\n<p>Wir bereiten Ihnen Ihr Testsystem anhand Ihrer Daten vor. Zwei bis drei Lichtsignalanlagen inklusive aller notwendigen Parameter werden von uns im System abgebildet. Anhand des vorkonfigurierten Systems stellen wir Ihnen in einem Workshop (vor Ort oder online) alle Features und\u00a0 Funktionen anhand Ihrer Daten vor. Somit k\u00f6nnen Sie schon von Beginn an mit aktuellen Daten und\u00a0 Ergebnissen arbeiten.<\/p>\n<p>Nach diesem Workshop steht Ihnen das System online sofort f\u00fcr den Testzeitraum zur Verf\u00fcgung. Notwendige Schnittstellen f\u00fcr die Datenbereitstellung sind zum Workshop bereits eingerichtet und k\u00f6nnen weiter genutzt werden.<\/p>\n<\/div><\/div><footer class=\"entry-footer\"><\/footer><\/article><div class=\"iconlist-timeline\"><\/div><\/li>\n<\/ul><\/div><\/div>\n<style type=\"text\/css\" data-created_by=\"avia_inline_auto\" id=\"style-css-av-9kv00l-03ea4a6839d8e423b53c846bf65d7cf7\">\n.flex_column.av-9kv00l-03ea4a6839d8e423b53c846bf65d7cf7{\nborder-radius:0px 0px 0px 0px;\npadding:0px 0px 0px 0px;\n}\n<\/style>\n<div  class='flex_column av-9kv00l-03ea4a6839d8e423b53c846bf65d7cf7 av_two_fifth  avia-builder-el-10  el_after_av_three_fifth  avia-builder-el-last  flex_column_div av-zero-column-padding  '     ><p>\n<style type=\"text\/css\" data-created_by=\"avia_inline_auto\" id=\"style-css-av-kk2fmzco-d002f8b3081c8210a7be28a7d4ea6dde\">\n#top .hr.hr-invisible.av-kk2fmzco-d002f8b3081c8210a7be28a7d4ea6dde{\nheight:110px;\n}\n<\/style>\n<div  class='hr av-kk2fmzco-d002f8b3081c8210a7be28a7d4ea6dde hr-invisible  avia-builder-el-11  el_before_av_image  avia-builder-el-first '><span class='hr-inner '><span class=\"hr-inner-style\"><\/span><\/span><\/div><br \/>\n\n<style type=\"text\/css\" data-created_by=\"avia_inline_auto\" id=\"style-css-av-kk2fnimi-12f1eb54bc1ea1b804e8a6de472fc34f\">\n.avia-image-container.av-kk2fnimi-12f1eb54bc1ea1b804e8a6de472fc34f img.avia_image{\nbox-shadow:none;\n}\n.avia-image-container.av-kk2fnimi-12f1eb54bc1ea1b804e8a6de472fc34f .av-image-caption-overlay-center{\ncolor:#ffffff;\n}\n<\/style>\n<div  class='avia-image-container av-kk2fnimi-12f1eb54bc1ea1b804e8a6de472fc34f av-styling- avia-align-center  avia-builder-el-12  el_after_av_hr  avia-builder-el-last '   itemprop=\"image\" itemscope=\"itemscope\" itemtype=\"https:\/\/schema.org\/ImageObject\" ><div class=\"avia-image-container-inner\"><div class=\"avia-image-overlay-wrap\"><img decoding=\"async\" fetchpriority=\"high\" class='wp-image-4425 avia-img-lazy-loading-not-4425 avia_image ' src=\"https:\/\/urbic-system.com\/wp-content\/uploads\/2021\/03\/AdobeStock_283502150_72.jpg\" alt='ein Testsystem anfordern' title='Demo anfragen'  height=\"992\" width=\"1389\"  itemprop=\"thumbnailUrl\" srcset=\"https:\/\/urbic-system.com\/wp-content\/uploads\/2021\/03\/AdobeStock_283502150_72.jpg 1389w, https:\/\/urbic-system.com\/wp-content\/uploads\/2021\/03\/AdobeStock_283502150_72-300x214.jpg 300w, https:\/\/urbic-system.com\/wp-content\/uploads\/2021\/03\/AdobeStock_283502150_72-1030x736.jpg 1030w, https:\/\/urbic-system.com\/wp-content\/uploads\/2021\/03\/AdobeStock_283502150_72-768x548.jpg 768w, https:\/\/urbic-system.com\/wp-content\/uploads\/2021\/03\/AdobeStock_283502150_72-260x185.jpg 260w, https:\/\/urbic-system.com\/wp-content\/uploads\/2021\/03\/AdobeStock_283502150_72-705x503.jpg 705w\" sizes=\"(max-width: 1389px) 100vw, 1389px\" \/><\/div><\/div><\/div><\/p><\/div><\/div><\/div><\/div><!-- close content main div --><\/div><\/div><div id='av_section_3'  class='avia-section av-kk2fpebo-f6392e3dbfcbf65d6be25ba33f3f43f6 alternate_color avia-section-default avia-no-border-styling  avia-builder-el-13  el_after_av_section  avia-builder-el-last  avia-bg-style-scroll container_wrap fullsize'  ><div class='container av-section-cont-open' ><div class='template-page content  av-content-full alpha units'><div class='post-entry post-entry-type-page post-entry-4261'><div class='entry-content-wrapper clearfix'>\n<form action=\"https:\/\/urbic-system.com\/index.php\/testsystem-anfordern\/\" method=\"post\" data-fields-with-error=\"Fehler wurden in folgenden Feld(ern) gefunden:\" class=\"avia_ajax_form av-form-labels-visible   avia-builder-el-14  avia-builder-el-no-sibling   \" data-avia-form-id=\"1\" data-avia-redirect='' ><h3 class=''>Ich m\u00f6chte gern eine Teststellung Ihres Systems nutzen.<\/h3><fieldset><p class='  first_form  form_element form_fullwidth' id='element_avia_1_1'><label for=\"avia_1_1\">Name <abbr class=\"required\" title=\"ben\u00f6tigt\">*<\/abbr><\/label> <input name=\"avia_1_1\" class=\"text_input is_empty\" type=\"text\" id=\"avia_1_1\" value=\"\" \/><\/p><p class='  first_form  form_element form_fullwidth' id='element_avia_2_1'><label for=\"avia_2_1\">E-Mail <abbr class=\"required\" title=\"ben\u00f6tigt\">*<\/abbr><\/label> <input name=\"avia_2_1\" class=\"text_input is_email\" type=\"text\" id=\"avia_2_1\" value=\"\" \/><\/p><p class='  first_form  form_element form_fullwidth' id='element_avia_3_1'><label for=\"avia_3_1\">Telefonnummer<\/label> <input name=\"avia_3_1\" class=\"text_input \" type=\"text\" id=\"avia_3_1\" value=\"\" \/><\/p><p class='  first_form  form_element form_fullwidth' id='element_avia_4_1'><label for=\"avia_4_1\" class=\"textare_label hidden textare_label_avia_4_1\">Adresse Unternehmen<\/label><textarea  name=\"avia_4_1\" class=\"text_area \" cols=\"40\" rows=\"7\" id=\"avia_4_1\" ><\/textarea><\/p><p class=\"hidden\"><input type=\"text\" name=\"avia_5_1\" class=\"hidden \" id=\"avia_5_1\" value=\"\" \/><\/p><p class='   form_element form_fullwidth' id='element_avia_6_1'><span class='value_verifier_label'>0 + 1 = ?<\/span><input name=\"avia_6_1_verifier\" type=\"hidden\" id=\"avia_6_1_verifier\" value=\"621878717\"\/><label for=\"avia_6_1\">Bitte l\u00f6se die Gleichung. Diese Ma\u00dfnahme dient der Abwehr von Spam <abbr class=\"required\" title=\"ben\u00f6tigt\">*<\/abbr><\/label><input name=\"avia_6_1\" class=\"text_input captcha\" type=\"text\" id=\"avia_6_1\" value=\"\"\/><\/p><p class=\"form_element \"><input type=\"hidden\" value=\"1\" name=\"avia_generated_form1\" \/><input type=\"submit\" value=\"bitte nehmen Sie mit mir Kontakt auf\" class=\"button\"  data-sending-label=\"Sende\"\/><\/p><\/fieldset><\/form><div id=\"ajaxresponse_1\" class=\"ajaxresponse ajaxresponse_1 hidden\"><\/div>\n<\/p>\n","protected":false},"excerpt":{"rendered":"","protected":false},"author":1,"featured_media":0,"parent":0,"menu_order":0,"comment_status":"closed","ping_status":"closed","template":"","meta":{"footnotes":""},"class_list":["post-4261","page","type-page","status-publish","hentry"],"_links":{"self":[{"href":"https:\/\/urbic-system.com\/index.php\/wp-json\/wp\/v2\/pages\/4261","targetHints":{"allow":["GET"]}}],"collection":[{"href":"https:\/\/urbic-system.com\/index.php\/wp-json\/wp\/v2\/pages"}],"about":[{"href":"https:\/\/urbic-system.com\/index.php\/wp-json\/wp\/v2\/types\/page"}],"author":[{"embeddable":true,"href":"https:\/\/urbic-system.com\/index.php\/wp-json\/wp\/v2\/users\/1"}],"replies":[{"embeddable":true,"href":"https:\/\/urbic-system.com\/index.php\/wp-json\/wp\/v2\/comments?post=4261"}],"version-history":[{"count":28,"href":"https:\/\/urbic-system.com\/index.php\/wp-json\/wp\/v2\/pages\/4261\/revisions"}],"predecessor-version":[{"id":4977,"href":"https:\/\/urbic-system.com\/index.php\/wp-json\/wp\/v2\/pages\/4261\/revisions\/4977"}],"wp:attachment":[{"href":"https:\/\/urbic-system.com\/index.php\/wp-json\/wp\/v2\/media?parent=4261"}],"curies":[{"name":"wp","href":"https:\/\/api.w.org\/{rel}","templated":true}]}}